{"id":1380,"date":"2025-05-13T18:37:10","date_gmt":"2025-05-13T17:37:10","guid":{"rendered":"https:\/\/digitalspace.bradfordcollege.ac.uk\/10681127\/?page_id=1380"},"modified":"2025-05-19T17:08:28","modified_gmt":"2025-05-19T16:08:28","slug":"level-3-project-3-task-2-broadcast-show-story-and-script","status":"publish","type":"page","link":"https:\/\/digitalspace.bradfordcollege.ac.uk\/10681127\/level-3-project-3-task-2-broadcast-show-story-and-script\/","title":{"rendered":"Level 3: Project 3, Task 2 &#8211; Broadcast Show | Topics and Script"},"content":{"rendered":"\n<p><\/p>\n\n\n\n<p>Topics being covered in broadcast:<\/p>\n\n\n\n<ul class=\"wp-block-list\">\n<li>Duolingo switch to AI and its gimmicks<\/li>\n\n\n\n<li>Tuvalu sinking\/first large-scale effect of climate change + metaverse<\/li>\n\n\n\n<li>Vue cinema showing decline + increasing prices + upcoming movies<\/li>\n\n\n\n<li><\/li>\n<\/ul>\n\n\n\n<p><strong>How will this broadcast comply with Ofcom guidelines?<\/strong><\/p>\n\n\n\n<p><a href=\"https:\/\/www.ofcom.org.uk\/tv-radio-and-on-demand\/broadcast-standards\">https:\/\/www.ofcom.org.uk\/tv-radio-and-on-demand\/broadcast-standards<\/a><\/p>\n\n\n\n<p><a href=\"https:\/\/www.ofcom.org.uk\/tv-radio-and-on-demand\/broadcast-standards\/broadcast-code\">https:\/\/www.ofcom.org.uk\/tv-radio-and-on-demand\/broadcast-standards\/broadcast-code<\/a><\/p>\n\n\n\n<p><\/p>\n\n\n\n<p><strong>Duolingo:<\/strong><\/p>\n\n\n\n<p>Duolingo&#8217;s mission statement and approach, according to <a href=\"https:\/\/www.duolingo.com\/info\">their website<\/a>:<\/p>\n\n\n\n<p><strong><em>Personalized education.<\/em><\/strong><\/p>\n\n\n\n<p><em>Everyone learns in different ways. For the first time in history, we can analyze how millions of people learn at once to create the most effective educational system possible and tailor it to each student.<\/em><\/p>\n\n\n\n<p><em>Our ultimate goal is to give everyone access to a private tutor experience through technology.<\/em><\/p>\n\n\n\n<p><strong><em>Making learning fun.<\/em><\/strong><\/p>\n\n\n\n<p><em>It&#8217;s hard to stay motivated when learning online, so we made Duolingo so fun that people would prefer picking up new skills over playing a game.<\/em><\/p>\n\n\n\n<p><strong><em>Universally accessible.<\/em><\/strong><\/p>\n\n\n\n<p><em>There are over 1.2 billion people learning a language and the majority are doing so to gain access to better opportunities. Unfortunately, learning a language is expensive and inaccessible to most.<\/em><\/p>\n\n\n\n<p><em>We created Duolingo so that everyone could have a chance. Free language education \u2013 no hidden fees, no premium content, just free.<\/em><\/p>\n\n\n\n<p><em>Duolingo is used by the richest man in the world and many Hollywood stars, and at the same time by public schools students in developing countries. We believe true equality is when spending more can&#8217;t buy you a better education.<\/em><\/p>\n\n\n\n<p><strong><em>Our teaching approach<\/em><\/strong><\/p>\n\n\n\n<p><em>We believe that anyone can learn a language with Duolingo. Our free, bite-size lessons feel more like a game than a textbook, and that&#8217;s by design: Learning is easier when you&#8217;re having fun.<\/em><\/p>\n\n\n\n<p><em>But Duolingo isn&#8217;t just a game. It&#8217;s based on a methodology proven to foster long-term retention, and a curriculum aligned to an international standard. Let&#8217;s explore how language learning happens with Duolingo!<\/em><\/p>\n\n\n\n<p><strong><em>Real-life communication<\/em><\/strong><\/p>\n\n\n\n<p><em>Language is ultimately a communication tool. Duolingo takes a functional approach by focusing on what learners actually want to&nbsp;do&nbsp;with a language.<\/em><\/p>\n\n\n\n<p><em>Lessons focus on a real-life goal \u2014 for instance, ordering at a restaurant. Learners develop the vocabulary and grammar needed to achieve that goal through lots of varied practice in reading, writing, listening, and speaking.<\/em><\/p>\n\n\n\n<p><strong><em>Standout content<\/em><\/strong><\/p>\n\n\n\n<p><em>Along with commonly used phrases like &#8220;\u00bfD\u00f3nde est\u00e1 el ba\u00f1o?&#8221; (Where is the bathroom?), Duolingo learners also encounter sentences like &#8220;Tu oso bebe cerveza&#8221; (Your bear drinks beer).<\/em><\/p>\n\n\n\n<p><em>Why the quirky sentences? They&#8217;re memorable and more fun to learn. Our unexpected content also pushes learners to think carefully about the language they&#8217;re learning.<\/em><\/p>\n\n\n\n<p><strong><em>A balanced approach<\/em><\/strong><\/p>\n\n\n\n<p><em>Duolingo allows learners to discover patterns on their own without needing to focus on language rules \u2014 the same way you learned your first language as a child. This approach, called &#8220;implicit learning,&#8221; is ideal for developing a strong foundational knowledge of a language and its rules.<\/em><\/p>\n\n\n\n<p><em>But explicit instruction is useful for some concepts. So Duolingo offers both! In addition to lessons, learners can access Tips for explanations on grammar, pronunciation, and helpful phrases.<\/em><\/p>\n\n\n\n<p><strong><em>Personalization<\/em><\/strong><\/p>\n\n\n\n<p><em>With over 500 million learners, you\u2019d think personalized instruction would be tough to pull off. But we\u2019re up for the challenge! Machine learning algorithms are always at work to serve up learning material at just the right difficulty level for each learner.<\/em><\/p>\n\n\n\n<p><\/p>\n\n\n\n<p><\/p>\n\n\n\n<p><\/p>\n\n\n\n<p><em>What is a contract worker?<\/em><\/p>\n\n\n\n<p><em>A contract worker is&nbsp;someone who is engaged by an employer under a contract for services, but is not considered an employee.&nbsp;They work for a specific duration or on a project basis, typically with fewer employment rights and benefits than regular employees.&nbsp;<\/em><\/p>\n\n\n\n<p><em>A contract employee is different from a permanent employee, who may work full- or part-time, receive employment benefits, be entitled to protections under certain employment laws, and other key differences.<\/em><\/p>\n\n\n\n<p><em><a href=\"https:\/\/www.rippling.com\/en-GB\/glossary\/contract-employee\">Every country defines contract employees differently, but generally, they\u2019re self-employed individuals who are hired on a contract basis to assist with short-term projects. They should be paid per project rather than receiving regular paychecks, and they should have a special skill set to contribute that\u2019s different from what regular employees do.<\/a><\/em><\/p>\n\n\n\n<p><\/p>\n\n\n\n<p><\/p>\n\n\n\n<p><\/p>\n\n\n\n<p><\/p>\n\n\n\n<p><\/p>\n\n\n\n<p><\/p>\n\n\n\n<p><strong>News\/info links:<\/strong><\/p>\n\n\n\n<p><a href=\"https:\/\/www.ndtv.com\/feature\/real-reason-behind-duolingo-owls-death-revealed-as-dua-lipa-reacts-7710285\">Real Reason Behind Duolingo Owl&#8217;s Death Revealed As Dua Lipa Reacts<\/a><\/p>\n\n\n\n<p><a href=\"https:\/\/www.forbes.com\/sites\/jackkelly\/2025\/05\/04\/its-time-to-get-concerned-klarna-ups-duolingo-cisco-and-many-other-companies-are-replacing-workers-with-ai\">It\u2019s Time To Get Concerned As More Companies Replace Workers With AI<\/a><\/p>\n\n\n\n<p><a href=\"https:\/\/uk.news.yahoo.com\/people-outraged-duolingo-ceos-controversial-100851504.html?guccounter=1&amp;guce_referrer=aHR0cHM6Ly93d3cuZ29vZ2xlLmNvLnVrLw&amp;guce_referrer_sig=AQAAAGZ0uHGR9iUvvP7DXUa3Peu0je_aO4BaCPqVK9LLw-zMBF8PTA3EtF_I4FCf78_I1TaX6vox-VU_lDpXN3jWPYDOLS7aXvbbaC2R_jQHgwT1QfOgpJrP0hLp5mwenk6n0F0DhhyqapGd1zUSOX9YoDNWbzipFpHYzY1-eJOF1K4j\">People outraged by Duolingo CEO&#8217;s controversial email to employees that announces AI will replace contract workers<\/a><\/p>\n\n\n\n<p><a href=\"https:\/\/search.app\/qZr8M\">Going \u2018AI first\u2019 appears to be backfiring on Klarna and Duolingo<\/a><\/p>\n\n\n\n<p><a href=\"http:\/\/Duolingo Is Bringing New 'Energy' to Language Learning\">Duolingo Is Bringing New &#8216;Energy&#8217; to Language Learning<\/a><\/p>\n\n\n\n<p><a href=\"https:\/\/www.spectator.co.uk\/article\/why-duolingo-wont-help-you-learn-a-foreign-language\">Why Duolingo isn\u2019t helping you learn a foreign language<\/a><\/p>\n\n\n\n<p><a href=\"https:\/\/edition.cnn.com\/2024\/01\/09\/tech\/duolingo-layoffs-due-to-ai\">Duolingo lays off staff as language learning app shifts toward AI<\/a><\/p>\n\n\n\n<p><a href=\"https:\/\/www.entrepreneur.com\/business-news\/duolingo-will-replace-contract-workers-with-ai-ceo-says\/490812#:~:text=Duolingo%20has%20eliminated%20contract%20workers,to%20use%20AI%20for%20translations.\">Duolingo Says AI Completed Work in 12 Months that Took Humans 12 Years<\/a><\/p>\n\n\n\n<p><a href=\"https:\/\/www.bbc.co.uk\/future\/article\/20241121-tuvalu-the-pacific-islands-creating-a-digital-nation-in-the-metaverse-due-to-climate-change\">Tuvalu: The disappearing island nation recreating itself in the metaverse<\/a><\/p>\n\n\n\n<figure class=\"wp-block-embed is-type-video is-provider-youtube wp-block-embed-youtube wp-embed-aspect-16-9 wp-has-aspect-ratio\"><div class=\"wp-block-embed__wrapper\">\n<iframe loading=\"lazy\" title=\"What Zuckerberg Doesn\u2019t Want You to See\" width=\"580\" height=\"326\" src=\"https:\/\/www.youtube.com\/embed\/cKUR2GEa1pA?feature=oembed\" frameborder=\"0\" allow=\"accelerometer; autoplay; clipboard-write; encrypted-media; gyroscope; picture-in-picture; web-share\" referrerpolicy=\"strict-origin-when-cross-origin\" allowfullscreen><\/iframe>\n<\/div><\/figure>\n\n\n\n<figure class=\"wp-block-embed is-type-wp-embed is-provider-the-cool-down wp-block-embed-the-cool-down\"><div class=\"wp-block-embed__wrapper\">\n<blockquote class=\"wp-embedded-content\" data-secret=\"UlcvLihCb9\"><a href=\"https:\/\/www.thecooldown.com\/outdoors\/tuvalu-sea-level-rise-threat-mitigation\/\">Island nation develops new strategy as &#8216;irreversible&#8217; threat grows all around it: &#8216;Option of last resort&#8217;<\/a><\/blockquote><iframe loading=\"lazy\" class=\"wp-embedded-content\" sandbox=\"allow-scripts\" security=\"restricted\" style=\"position: absolute; visibility: hidden;\" title=\"&#8220;Island nation develops new strategy as &#039;irreversible&#039; threat grows all around it: &#039;Option of last resort&#039;&#8221; &#8212; The Cool Down\" src=\"https:\/\/www.thecooldown.com\/outdoors\/tuvalu-sea-level-rise-threat-mitigation\/embed\/#?secret=WWEyBKLgc9#?secret=UlcvLihCb9\" data-secret=\"UlcvLihCb9\" width=\"580\" height=\"327\" frameborder=\"0\" marginwidth=\"0\" marginheight=\"0\" scrolling=\"no\"><\/iframe>\n<\/div><\/figure>\n\n\n\n<figure class=\"wp-block-gallery has-nested-images columns-default is-cropped wp-block-gallery-1 is-layout-flex wp-block-gallery-is-layout-flex\">\n<figure class=\"wp-block-image size-large\"><img loading=\"lazy\" decoding=\"async\" width=\"461\" height=\"1024\" data-id=\"1389\" src=\"https:\/\/digitalspace.bradfordcollege.ac.uk\/10681127\/wp-content\/uploads\/sites\/787\/2025\/05\/1000031982-461x1024.jpg\" alt=\"\" class=\"wp-image-1389\" srcset=\"https:\/\/digitalspace.bradfordcollege.ac.uk\/10681127\/wp-content\/uploads\/sites\/787\/2025\/05\/1000031982-461x1024.jpg 461w, https:\/\/digitalspace.bradfordcollege.ac.uk\/10681127\/wp-content\/uploads\/sites\/787\/2025\/05\/1000031982-135x300.jpg 135w, https:\/\/digitalspace.bradfordcollege.ac.uk\/10681127\/wp-content\/uploads\/sites\/787\/2025\/05\/1000031982-768x1707.jpg 768w, https:\/\/digitalspace.bradfordcollege.ac.uk\/10681127\/wp-content\/uploads\/sites\/787\/2025\/05\/1000031982-691x1536.jpg 691w, https:\/\/digitalspace.bradfordcollege.ac.uk\/10681127\/wp-content\/uploads\/sites\/787\/2025\/05\/1000031982-922x2048.jpg 922w, https:\/\/digitalspace.bradfordcollege.ac.uk\/10681127\/wp-content\/uploads\/sites\/787\/2025\/05\/1000031982.jpg 1080w\" sizes=\"auto, (max-width: 461px) 100vw, 461px\" \/><\/figure>\n\n\n\n<figure class=\"wp-block-image size-large\"><img loading=\"lazy\" decoding=\"async\" width=\"461\" height=\"1024\" data-id=\"1387\" src=\"https:\/\/digitalspace.bradfordcollege.ac.uk\/10681127\/wp-content\/uploads\/sites\/787\/2025\/05\/1000031980-461x1024.jpg\" alt=\"\" class=\"wp-image-1387\" srcset=\"https:\/\/digitalspace.bradfordcollege.ac.uk\/10681127\/wp-content\/uploads\/sites\/787\/2025\/05\/1000031980-461x1024.jpg 461w, https:\/\/digitalspace.bradfordcollege.ac.uk\/10681127\/wp-content\/uploads\/sites\/787\/2025\/05\/1000031980-135x300.jpg 135w, https:\/\/digitalspace.bradfordcollege.ac.uk\/10681127\/wp-content\/uploads\/sites\/787\/2025\/05\/1000031980-768x1707.jpg 768w, https:\/\/digitalspace.bradfordcollege.ac.uk\/10681127\/wp-content\/uploads\/sites\/787\/2025\/05\/1000031980-691x1536.jpg 691w, https:\/\/digitalspace.bradfordcollege.ac.uk\/10681127\/wp-content\/uploads\/sites\/787\/2025\/05\/1000031980-922x2048.jpg 922w, https:\/\/digitalspace.bradfordcollege.ac.uk\/10681127\/wp-content\/uploads\/sites\/787\/2025\/05\/1000031980.jpg 1080w\" sizes=\"auto, (max-width: 461px) 100vw, 461px\" \/><\/figure>\n\n\n\n<figure class=\"wp-block-image size-large\"><img loading=\"lazy\" decoding=\"async\" width=\"461\" height=\"1024\" data-id=\"1386\" src=\"https:\/\/digitalspace.bradfordcollege.ac.uk\/10681127\/wp-content\/uploads\/sites\/787\/2025\/05\/1000031946-461x1024.jpg\" alt=\"\" class=\"wp-image-1386\" srcset=\"https:\/\/digitalspace.bradfordcollege.ac.uk\/10681127\/wp-content\/uploads\/sites\/787\/2025\/05\/1000031946-461x1024.jpg 461w, https:\/\/digitalspace.bradfordcollege.ac.uk\/10681127\/wp-content\/uploads\/sites\/787\/2025\/05\/1000031946-135x300.jpg 135w, https:\/\/digitalspace.bradfordcollege.ac.uk\/10681127\/wp-content\/uploads\/sites\/787\/2025\/05\/1000031946-768x1707.jpg 768w, https:\/\/digitalspace.bradfordcollege.ac.uk\/10681127\/wp-content\/uploads\/sites\/787\/2025\/05\/1000031946-691x1536.jpg 691w, https:\/\/digitalspace.bradfordcollege.ac.uk\/10681127\/wp-content\/uploads\/sites\/787\/2025\/05\/1000031946-922x2048.jpg 922w, https:\/\/digitalspace.bradfordcollege.ac.uk\/10681127\/wp-content\/uploads\/sites\/787\/2025\/05\/1000031946.jpg 1080w\" sizes=\"auto, (max-width: 461px) 100vw, 461px\" \/><\/figure>\n\n\n\n<figure class=\"wp-block-image size-large\"><img loading=\"lazy\" decoding=\"async\" width=\"461\" height=\"1024\" data-id=\"1383\" src=\"https:\/\/digitalspace.bradfordcollege.ac.uk\/10681127\/wp-content\/uploads\/sites\/787\/2025\/05\/1000031947-461x1024.jpg\" alt=\"\" class=\"wp-image-1383\" srcset=\"https:\/\/digitalspace.bradfordcollege.ac.uk\/10681127\/wp-content\/uploads\/sites\/787\/2025\/05\/1000031947-461x1024.jpg 461w, https:\/\/digitalspace.bradfordcollege.ac.uk\/10681127\/wp-content\/uploads\/sites\/787\/2025\/05\/1000031947-135x300.jpg 135w, https:\/\/digitalspace.bradfordcollege.ac.uk\/10681127\/wp-content\/uploads\/sites\/787\/2025\/05\/1000031947-768x1707.jpg 768w, https:\/\/digitalspace.bradfordcollege.ac.uk\/10681127\/wp-content\/uploads\/sites\/787\/2025\/05\/1000031947-691x1536.jpg 691w, https:\/\/digitalspace.bradfordcollege.ac.uk\/10681127\/wp-content\/uploads\/sites\/787\/2025\/05\/1000031947-922x2048.jpg 922w, https:\/\/digitalspace.bradfordcollege.ac.uk\/10681127\/wp-content\/uploads\/sites\/787\/2025\/05\/1000031947.jpg 1080w\" sizes=\"auto, (max-width: 461px) 100vw, 461px\" \/><\/figure>\n\n\n\n<figure class=\"wp-block-image size-large\"><img loading=\"lazy\" decoding=\"async\" width=\"461\" height=\"1024\" data-id=\"1388\" src=\"https:\/\/digitalspace.bradfordcollege.ac.uk\/10681127\/wp-content\/uploads\/sites\/787\/2025\/05\/1000031948-461x1024.jpg\" alt=\"\" class=\"wp-image-1388\" srcset=\"https:\/\/digitalspace.bradfordcollege.ac.uk\/10681127\/wp-content\/uploads\/sites\/787\/2025\/05\/1000031948-461x1024.jpg 461w, https:\/\/digitalspace.bradfordcollege.ac.uk\/10681127\/wp-content\/uploads\/sites\/787\/2025\/05\/1000031948-135x300.jpg 135w, https:\/\/digitalspace.bradfordcollege.ac.uk\/10681127\/wp-content\/uploads\/sites\/787\/2025\/05\/1000031948-768x1707.jpg 768w, https:\/\/digitalspace.bradfordcollege.ac.uk\/10681127\/wp-content\/uploads\/sites\/787\/2025\/05\/1000031948-691x1536.jpg 691w, https:\/\/digitalspace.bradfordcollege.ac.uk\/10681127\/wp-content\/uploads\/sites\/787\/2025\/05\/1000031948-922x2048.jpg 922w, https:\/\/digitalspace.bradfordcollege.ac.uk\/10681127\/wp-content\/uploads\/sites\/787\/2025\/05\/1000031948.jpg 1080w\" sizes=\"auto, (max-width: 461px) 100vw, 461px\" \/><\/figure>\n\n\n\n<figure class=\"wp-block-image size-large\"><img loading=\"lazy\" decoding=\"async\" width=\"461\" height=\"1024\" data-id=\"1382\" src=\"https:\/\/digitalspace.bradfordcollege.ac.uk\/10681127\/wp-content\/uploads\/sites\/787\/2025\/05\/1000031949-461x1024.jpg\" alt=\"\" class=\"wp-image-1382\" srcset=\"https:\/\/digitalspace.bradfordcollege.ac.uk\/10681127\/wp-content\/uploads\/sites\/787\/2025\/05\/1000031949-461x1024.jpg 461w, https:\/\/digitalspace.bradfordcollege.ac.uk\/10681127\/wp-content\/uploads\/sites\/787\/2025\/05\/1000031949-135x300.jpg 135w, https:\/\/digitalspace.bradfordcollege.ac.uk\/10681127\/wp-content\/uploads\/sites\/787\/2025\/05\/1000031949-768x1707.jpg 768w, https:\/\/digitalspace.bradfordcollege.ac.uk\/10681127\/wp-content\/uploads\/sites\/787\/2025\/05\/1000031949-691x1536.jpg 691w, https:\/\/digitalspace.bradfordcollege.ac.uk\/10681127\/wp-content\/uploads\/sites\/787\/2025\/05\/1000031949-922x2048.jpg 922w, https:\/\/digitalspace.bradfordcollege.ac.uk\/10681127\/wp-content\/uploads\/sites\/787\/2025\/05\/1000031949.jpg 1080w\" sizes=\"auto, (max-width: 461px) 100vw, 461px\" \/><\/figure>\n\n\n\n<figure class=\"wp-block-image size-large\"><img loading=\"lazy\" decoding=\"async\" width=\"461\" height=\"1024\" data-id=\"1384\" src=\"https:\/\/digitalspace.bradfordcollege.ac.uk\/10681127\/wp-content\/uploads\/sites\/787\/2025\/05\/1000031950-461x1024.jpg\" alt=\"\" class=\"wp-image-1384\" srcset=\"https:\/\/digitalspace.bradfordcollege.ac.uk\/10681127\/wp-content\/uploads\/sites\/787\/2025\/05\/1000031950-461x1024.jpg 461w, https:\/\/digitalspace.bradfordcollege.ac.uk\/10681127\/wp-content\/uploads\/sites\/787\/2025\/05\/1000031950-135x300.jpg 135w, https:\/\/digitalspace.bradfordcollege.ac.uk\/10681127\/wp-content\/uploads\/sites\/787\/2025\/05\/1000031950-768x1707.jpg 768w, https:\/\/digitalspace.bradfordcollege.ac.uk\/10681127\/wp-content\/uploads\/sites\/787\/2025\/05\/1000031950-691x1536.jpg 691w, https:\/\/digitalspace.bradfordcollege.ac.uk\/10681127\/wp-content\/uploads\/sites\/787\/2025\/05\/1000031950-922x2048.jpg 922w, https:\/\/digitalspace.bradfordcollege.ac.uk\/10681127\/wp-content\/uploads\/sites\/787\/2025\/05\/1000031950.jpg 1080w\" sizes=\"auto, (max-width: 461px) 100vw, 461px\" \/><\/figure>\n\n\n\n<figure class=\"wp-block-image size-large\"><img loading=\"lazy\" decoding=\"async\" width=\"461\" height=\"1024\" data-id=\"1381\" src=\"https:\/\/digitalspace.bradfordcollege.ac.uk\/10681127\/wp-content\/uploads\/sites\/787\/2025\/05\/1000031951-461x1024.jpg\" alt=\"\" class=\"wp-image-1381\" srcset=\"https:\/\/digitalspace.bradfordcollege.ac.uk\/10681127\/wp-content\/uploads\/sites\/787\/2025\/05\/1000031951-461x1024.jpg 461w, https:\/\/digitalspace.bradfordcollege.ac.uk\/10681127\/wp-content\/uploads\/sites\/787\/2025\/05\/1000031951-135x300.jpg 135w, https:\/\/digitalspace.bradfordcollege.ac.uk\/10681127\/wp-content\/uploads\/sites\/787\/2025\/05\/1000031951-768x1707.jpg 768w, https:\/\/digitalspace.bradfordcollege.ac.uk\/10681127\/wp-content\/uploads\/sites\/787\/2025\/05\/1000031951-691x1536.jpg 691w, https:\/\/digitalspace.bradfordcollege.ac.uk\/10681127\/wp-content\/uploads\/sites\/787\/2025\/05\/1000031951-922x2048.jpg 922w, https:\/\/digitalspace.bradfordcollege.ac.uk\/10681127\/wp-content\/uploads\/sites\/787\/2025\/05\/1000031951.jpg 1080w\" sizes=\"auto, (max-width: 461px) 100vw, 461px\" \/><\/figure>\n\n\n\n<figure class=\"wp-block-image size-large\"><img loading=\"lazy\" decoding=\"async\" width=\"461\" height=\"1024\" data-id=\"1385\" src=\"https:\/\/digitalspace.bradfordcollege.ac.uk\/10681127\/wp-content\/uploads\/sites\/787\/2025\/05\/1000031952-461x1024.jpg\" alt=\"\" class=\"wp-image-1385\" srcset=\"https:\/\/digitalspace.bradfordcollege.ac.uk\/10681127\/wp-content\/uploads\/sites\/787\/2025\/05\/1000031952-461x1024.jpg 461w, https:\/\/digitalspace.bradfordcollege.ac.uk\/10681127\/wp-content\/uploads\/sites\/787\/2025\/05\/1000031952-135x300.jpg 135w, https:\/\/digitalspace.bradfordcollege.ac.uk\/10681127\/wp-content\/uploads\/sites\/787\/2025\/05\/1000031952-768x1707.jpg 768w, https:\/\/digitalspace.bradfordcollege.ac.uk\/10681127\/wp-content\/uploads\/sites\/787\/2025\/05\/1000031952-691x1536.jpg 691w, https:\/\/digitalspace.bradfordcollege.ac.uk\/10681127\/wp-content\/uploads\/sites\/787\/2025\/05\/1000031952-922x2048.jpg 922w, https:\/\/digitalspace.bradfordcollege.ac.uk\/10681127\/wp-content\/uploads\/sites\/787\/2025\/05\/1000031952.jpg 1080w\" sizes=\"auto, (max-width: 461px) 100vw, 461px\" \/><\/figure>\n<\/figure>\n\n\n\n<figure class=\"wp-block-image size-large\"><a href=\"https:\/\/www.reddit.com\/r\/duolingo\/comments\/1idrpzm\/duolingo_only_has_two_fulltime_staff_for_86\/\"><img loading=\"lazy\" decoding=\"async\" width=\"872\" height=\"1024\" src=\"https:\/\/digitalspace.bradfordcollege.ac.uk\/10681127\/wp-content\/uploads\/sites\/787\/2025\/05\/image-3-872x1024.png\" alt=\"\" class=\"wp-image-1405\" srcset=\"https:\/\/digitalspace.bradfordcollege.ac.uk\/10681127\/wp-content\/uploads\/sites\/787\/2025\/05\/image-3-872x1024.png 872w, https:\/\/digitalspace.bradfordcollege.ac.uk\/10681127\/wp-content\/uploads\/sites\/787\/2025\/05\/image-3-256x300.png 256w, https:\/\/digitalspace.bradfordcollege.ac.uk\/10681127\/wp-content\/uploads\/sites\/787\/2025\/05\/image-3-768x902.png 768w, https:\/\/digitalspace.bradfordcollege.ac.uk\/10681127\/wp-content\/uploads\/sites\/787\/2025\/05\/image-3.png 1080w\" sizes=\"auto, (max-width: 872px) 100vw, 872px\" \/><\/a><\/figure>\n\n\n\n<figure class=\"wp-block-image size-large\"><img loading=\"lazy\" decoding=\"async\" width=\"1024\" height=\"1014\" src=\"https:\/\/digitalspace.bradfordcollege.ac.uk\/10681127\/wp-content\/uploads\/sites\/787\/2025\/05\/image-4-1024x1014.png\" alt=\"\" class=\"wp-image-1406\" srcset=\"https:\/\/digitalspace.bradfordcollege.ac.uk\/10681127\/wp-content\/uploads\/sites\/787\/2025\/05\/image-4-1024x1014.png 1024w, https:\/\/digitalspace.bradfordcollege.ac.uk\/10681127\/wp-content\/uploads\/sites\/787\/2025\/05\/image-4-300x297.png 300w, https:\/\/digitalspace.bradfordcollege.ac.uk\/10681127\/wp-content\/uploads\/sites\/787\/2025\/05\/image-4-150x150.png 150w, https:\/\/digitalspace.bradfordcollege.ac.uk\/10681127\/wp-content\/uploads\/sites\/787\/2025\/05\/image-4-768x760.png 768w, https:\/\/digitalspace.bradfordcollege.ac.uk\/10681127\/wp-content\/uploads\/sites\/787\/2025\/05\/image-4.png 1080w\" sizes=\"auto, (max-width: 1024px) 100vw, 1024px\" \/><\/figure>\n\n\n\n<figure class=\"wp-block-embed is-type-rich is-provider-reddit wp-block-embed-reddit\"><div class=\"wp-block-embed__wrapper\">\n<blockquote class=\"reddit-embed-bq\" style=\"height:500px\" ><a href=\"https:\/\/www.reddit.com\/r\/duolingo\/comments\/1idrpzm\/duolingo_only_has_two_fulltime_staff_for_86\/\">Duolingo only HAS TWO full-time staff for 8.6 million paying subscribers. That&#39;s why you can&#39;t get help. Here&#39;s my letter to Luis &amp; his response<\/a><br> by<a href=\"https:\/\/www.reddit.com\/user\/GeorgeTheFunnyOne\/\">u\/GeorgeTheFunnyOne<\/a> in<a href=\"https:\/\/www.reddit.com\/r\/duolingo\/\">duolingo<\/a><\/blockquote><script async src=\"https:\/\/embed.reddit.com\/widgets.js\" charset=\"UTF-8\"><\/script>\n<\/div><\/figure>\n\n\n\n<p><\/p>\n","protected":false},"excerpt":{"rendered":"<p>Topics being covered in broadcast: How will this broadcast comply with Ofcom guidelines? https:\/\/www.ofcom.org.uk\/tv-radio-and-on-demand\/broadcast-standards https:\/\/www.ofcom.org.uk\/tv-radio-and-on-demand\/broadcast-standards\/broadcast-code Duolingo: Duolingo&#8217;s mission statement and approach, according to their website: Personalized education. Everyone learns in different ways. For the first time in history, we can analyze how millions of people learn at once to create the most effective educational system [&hellip;]<\/p>\n","protected":false},"author":718,"featured_media":0,"parent":0,"menu_order":0,"comment_status":"closed","ping_status":"closed","template":"","meta":{"footnotes":""},"class_list":["post-1380","page","type-page","status-publish","hentry"],"_links":{"self":[{"href":"https:\/\/digitalspace.bradfordcollege.ac.uk\/10681127\/wp-json\/wp\/v2\/pages\/1380","targetHints":{"allow":["GET"]}}],"collection":[{"href":"https:\/\/digitalspace.bradfordcollege.ac.uk\/10681127\/wp-json\/wp\/v2\/pages"}],"about":[{"href":"https:\/\/digitalspace.bradfordcollege.ac.uk\/10681127\/wp-json\/wp\/v2\/types\/page"}],"author":[{"embeddable":true,"href":"https:\/\/digitalspace.bradfordcollege.ac.uk\/10681127\/wp-json\/wp\/v2\/users\/718"}],"replies":[{"embeddable":true,"href":"https:\/\/digitalspace.bradfordcollege.ac.uk\/10681127\/wp-json\/wp\/v2\/comments?post=1380"}],"version-history":[{"count":20,"href":"https:\/\/digitalspace.bradfordcollege.ac.uk\/10681127\/wp-json\/wp\/v2\/pages\/1380\/revisions"}],"predecessor-version":[{"id":1417,"href":"https:\/\/digitalspace.bradfordcollege.ac.uk\/10681127\/wp-json\/wp\/v2\/pages\/1380\/revisions\/1417"}],"wp:attachment":[{"href":"https:\/\/digitalspace.bradfordcollege.ac.uk\/10681127\/wp-json\/wp\/v2\/media?parent=1380"}],"curies":[{"name":"wp","href":"https:\/\/api.w.org\/{rel}","templated":true}]}}