{"id":1055,"date":"2022-04-29T15:31:54","date_gmt":"2022-04-29T14:31:54","guid":{"rendered":"https:\/\/digitalspace.bradfordcollege.ac.uk\/10627088\/?page_id=1055"},"modified":"2022-05-18T10:02:10","modified_gmt":"2022-05-18T09:02:10","slug":"extra","status":"publish","type":"page","link":"https:\/\/digitalspace.bradfordcollege.ac.uk\/10627088\/extra\/","title":{"rendered":"Extras"},"content":{"rendered":"\n<h2 class=\"wp-block-heading\">Experimental Music Videos<\/h2>\n\n\n\n<p>One of the most famous music video that is experimental is&nbsp;Michael Jackson,<strong> <\/strong>\u201cThriller\u201d, Thriller is a music video that is 13 minutes long that uses special effects, it also won a nomination award for a short movie.<\/p>\n\n\n\n<p>A-ha, \u201cTake on Me\u201d is another experiment al music video however this one uses animation in the music video where they overlap a real video with animation, they use a technique called rotoscoping, this is where they trace over film\/ person and make it into a animation.<\/p>\n\n\n\n<p>One of the biggest scary experimental music video is called come to daddy from APHEX Twin, it is said that this music video is the most celebrated scary visual and it is a classic urban ghoulery.<\/p>\n\n\n\n<p><strong>Project Title:<\/strong>&nbsp;Doppelg\u00e4nger<\/p>\n\n\n\n<p><strong>Project Summary:<\/strong>&nbsp;Anna have a hidden side of herself and tries her best not to act upon her thoughts however this create a Doppelg\u00e4nger that has all her bad qualities and now is trying to take over her life and trap her in her reflection.<\/p>\n\n\n\n<p>Who is the demographic for your project? (Be specific \u2013 no one product will appeal to all. Identify the primary and secondary audience. You may want to explore psychographics as part of this.)<\/p>\n\n\n\n<p>Since my film is a myth my target audience is 12+ since tis is a German scary myth to scare preteens<\/p>\n\n\n\n<h2 class=\"wp-block-heading\">Character profile<\/h2>\n\n\n\n<p id=\"block-9c2bfa99-5c42-492a-88bb-bce9ab823bab\"><strong><br>Character Profile Sheet<\/strong><\/p>\n\n\n\n<p id=\"block-a79f954f-c1d3-47d3-98cf-d32af82db5a2\"><strong>Production Title:&nbsp;&nbsp;&nbsp;<\/strong>Doppelg\u00e4nger<\/p>\n\n\n\n<p id=\"block-a79f954f-c1d3-47d3-98cf-d32af82db5a2\"><strong>Director:<\/strong>&nbsp;Viktoria Zaludekova<\/p>\n\n\n\n<p id=\"block-50da7506-aa65-4093-a56f-ebb2ef709e3d\"><strong>Character Name:<\/strong>&nbsp;Anna<\/p>\n\n\n\n<p id=\"block-275fa2ac-39b2-4541-ab59-7b5a363e152e\"><strong>Gender:<\/strong>&nbsp;Female<\/p>\n\n\n\n<p id=\"block-82fcef6c-2cf9-40f0-854b-8500ef05c14c\"><strong>Age:<\/strong>&nbsp;17<\/p>\n\n\n\n<p id=\"block-c083217f-c2b2-4991-b8b5-951f22488ea3\"><strong>Summary of Character:<\/strong><\/p>\n\n\n\n<p id=\"block-14626d77-cfb8-4b84-8ca5-bc2f70087e9b\">Anna have a hidden side of herself and tries her best not to act upon her thoughts however this create a Doppelg\u00e4nger that has all her bad qualities and now is trying to take over her life and trap her in her reflection.<\/p>\n\n\n\n<p id=\"block-6f984b47-5020-4686-a56b-edb5fdaf1007\"><strong>Costume Considerations<\/strong>: Normal cloths<\/p>\n\n\n\n<h2 class=\"wp-block-heading\">Pitch<\/h2>\n\n\n\n<p><a href=\"https:\/\/digitalspace.bradfordcollege.ac.uk\/10627088\/wp-content\/uploads\/sites\/292\/2022\/03\/Pitch-doubleganger-2.pptx\">Pitch-doubleganger-2DOWNLOAD<\/a><\/p>\n\n\n\n<h2 class=\"wp-block-heading\">Location\/ the equipment I will be needing<\/h2>\n\n\n\n<p>The locations I will be recording will be mostly at home and college the reason why I choose these location is because it suites my story line and college\/school is one of the conventions<\/p>\n\n\n\n<p>The equipment I will be needing is cameras, tripod and classmates helping me with some camera angles<\/p>\n\n\n\n<h2 class=\"wp-block-heading\">Narrative<\/h2>\n\n\n\n<p>My narrative for my film idea is linear, this is because everything that&nbsp;happens in my film is going to be in chronological order<\/p>\n\n\n\n<h2 class=\"wp-block-heading\"><strong>Short Film Production Treatment<\/strong><\/h2>\n\n\n\n<figure class=\"wp-block-table\"><table><tbody><tr><td><strong>Title<\/strong><\/td><\/tr><tr><td>&nbsp; &nbsp; &nbsp; &nbsp;Doppelg\u00e4nger<\/td><\/tr><tr><td><strong>Logline<\/strong><\/td><\/tr><tr><td>Doppelg\u00e4nger wants to take over their lives &nbsp; &nbsp;<\/td><\/tr><tr><td><strong>Summary<\/strong><\/td><\/tr><tr><td>Anna have a hidden side of herself and tries her best not to act upon her thoughts however this create a Doppelg\u00e4nger that has all her bad qualities and now is trying to take over her life and trap her in her reflection.<\/td><\/tr><tr><td><strong>Narrative<\/strong>:Linear<\/td><\/tr><tr><td>&nbsp;<br>My location in the movie would be the college, for example the gallery room for my piano scene.<br>My rising action is when Anna and her Doppelg\u00e4nger find each-other and they have a stare off.<br>The Doppelg\u00e4nger stares at Anna and then Anna ends up running into her and the Doppelg\u00e4nger ends up trapping Anna in her reflection<\/td><\/tr><tr><td><strong>Characters \/ Actors<\/strong><\/td><\/tr><tr><td>Anna is going to be me [Viktoria] and the Doppelg\u00e4nger is also going to be me [viktoria]<\/td><\/tr><tr><td><strong>Influences<\/strong><\/td><\/tr><tr><td>&nbsp;I was inspired by the germans myths and also the Brothers Grimm this made me think of a story line and make it seem abit twisted and dark but also pg<\/td><\/tr><\/tbody><\/table><\/figure>\n","protected":false},"excerpt":{"rendered":"<p>Experimental Music Videos One of the most famous music video that is experimental is&nbsp;Michael Jackson, \u201cThriller\u201d, Thriller is a music video that is 13 minutes long that uses special effects, it also won a nomination award for a short movie. A-ha, \u201cTake on Me\u201d is another experiment al music video however this one uses animation &hellip; <a href=\"https:\/\/digitalspace.bradfordcollege.ac.uk\/10627088\/extra\/\" class=\"more-link\">Continue reading<span class=\"screen-reader-text\"> &#8220;Extras&#8221;<\/span><\/a><\/p>\n","protected":false},"author":285,"featured_media":0,"parent":0,"menu_order":0,"comment_status":"closed","ping_status":"closed","template":"","meta":{"footnotes":""},"class_list":["post-1055","page","type-page","status-publish","hentry"],"_links":{"self":[{"href":"https:\/\/digitalspace.bradfordcollege.ac.uk\/10627088\/wp-json\/wp\/v2\/pages\/1055","targetHints":{"allow":["GET"]}}],"collection":[{"href":"https:\/\/digitalspace.bradfordcollege.ac.uk\/10627088\/wp-json\/wp\/v2\/pages"}],"about":[{"href":"https:\/\/digitalspace.bradfordcollege.ac.uk\/10627088\/wp-json\/wp\/v2\/types\/page"}],"author":[{"embeddable":true,"href":"https:\/\/digitalspace.bradfordcollege.ac.uk\/10627088\/wp-json\/wp\/v2\/users\/285"}],"replies":[{"embeddable":true,"href":"https:\/\/digitalspace.bradfordcollege.ac.uk\/10627088\/wp-json\/wp\/v2\/comments?post=1055"}],"version-history":[{"count":8,"href":"https:\/\/digitalspace.bradfordcollege.ac.uk\/10627088\/wp-json\/wp\/v2\/pages\/1055\/revisions"}],"predecessor-version":[{"id":1394,"href":"https:\/\/digitalspace.bradfordcollege.ac.uk\/10627088\/wp-json\/wp\/v2\/pages\/1055\/revisions\/1394"}],"wp:attachment":[{"href":"https:\/\/digitalspace.bradfordcollege.ac.uk\/10627088\/wp-json\/wp\/v2\/media?parent=1055"}],"curies":[{"name":"wp","href":"https:\/\/api.w.org\/{rel}","templated":true}]}}